{"id":2230,"date":"2024-02-08T12:47:47","date_gmt":"2024-02-08T11:47:47","guid":{"rendered":"https:\/\/www.ehealth4childtb.com\/politica-de-privacidade\/"},"modified":"2025-11-07T12:02:16","modified_gmt":"2025-11-07T11:02:16","slug":"politica-de-privacidade","status":"publish","type":"page","link":"https:\/\/www.ehealth4childtb.com\/pt-br\/politica-de-privacidade\/","title":{"rendered":"Pol\u00edtica de privacidade"},"content":{"rendered":"\n<p>A eHealth4ChildTB est\u00e1 empenhada em proteger a sua privacidade. Se tiver alguma d\u00favida ou problema relacionado com a utiliza\u00e7\u00e3o dos seus dados pessoais, contacte-nos atrav\u00e9s do endere\u00e7o nicolas.koskas@u-bordeaux.fr e teremos todo o prazer em ajud\u00e1-lo.<br\/>Ao utilizar este site e\/ou os nossos servi\u00e7os, concorda com o tratamento dos seus dados pessoais, conforme descrito nesta pol\u00edtica de privacidade. <\/p>\n\n<h3 class=\"wp-block-heading\">\u00cdndice<\/h3>\n\n<ol class=\"wp-block-list\">\n<li><a href=\"#gdpr-definitions\">Defini\u00e7\u00f5es utilizadas nesta pol\u00edtica<\/a><\/li>\n\n\n\n<li><a href=\"#gdpr-principles\">Os princ\u00edpios de prote\u00e7\u00e3o de dados que seguimos<\/a><\/li>\n\n\n\n<li><a href=\"#gdpr-rights\">Quais s\u00e3o os seus direitos em rela\u00e7\u00e3o aos seus dados pessoais?<\/a><\/li>\n\n\n\n<li><a href=\"#gdpr-information\">Que dados pessoais recolhemos sobre si?<\/a><\/li>\n\n\n\n<li><a href=\"#gdpr-processing\">How we use your personal data<\/a><\/li>\n\n\n\n<li><a href=\"#gdpr-sharing\">Quem mais tem acesso aos seus dados pessoais<\/a><\/li>\n\n\n\n<li><a href=\"#gdpr-security\">Como protegemos os seus dados<\/a><\/li>\n\n\n\n<li><a href=\"#gdpr-cookies\">Informa\u00e7\u00f5es sobre cookies<\/a><\/li>\n\n\n\n<li><a href=\"#gdpr-contact\">Informa\u00e7\u00f5es de contacto<\/a><\/li>\n<\/ol>\n\n<h3 class=\"wp-block-heading\" id=\"gdpr-definitions\">Defini\u00e7\u00f5es<\/h3>\n\n<p><strong>Dados pessoais <\/strong>\u2013 qualquer informa\u00e7\u00e3o relativa a uma pessoa singular identificada ou identific\u00e1vel.<br\/><strong>Tratamento<\/strong> \u2013 qualquer opera\u00e7\u00e3o ou conjunto de opera\u00e7\u00f5es realizadas sobre dados pessoais ou conjuntos de dados pessoais.<br\/>Titular dos dados \u2013 uma pessoa singular cujos dados pessoais s\u00e3o tratados.<br\/>Crian\u00e7a \u2013 uma pessoa singular com menos de 16 anos.<br\/><strong>N\u00f3s<\/strong> (em mai\u00fasculas ou n\u00e3o) \u2013 eHealth4ChildTB <\/p>\n\n<h3 class=\"wp-block-heading\" id=\"gdpr-principles\">Princ\u00edpios da prote\u00e7\u00e3o de dados<\/h3>\n\n<p>Estamos comprometidos com os seguintes princ\u00edpios de prote\u00e7\u00e3o de dados:<\/p>\n\n<ul class=\"wp-block-list\">\n<li>O tratamento \u00e9 legal, justo e transparente. As nossas atividades de processamento t\u00eam uma base legal. Consideramos sempre os seus direitos antes de processar dados pessoais. Forneceremos informa\u00e7\u00f5es sobre o processamento de dados mediante solicita\u00e7\u00e3o.   <\/li>\n\n\n\n<li>O tratamento \u00e9 limitado \u00e0 finalidade. As nossas atividades de tratamento correspondem \u00e0 finalidade para a qual os dados pessoais foram recolhidos. <\/li>\n\n\n\n<li>O processamento \u00e9 realizado com um m\u00ednimo de dados. Recolhemos e processamos apenas a quantidade m\u00ednima de dados pessoais necess\u00e1rios para qualquer finalidade. <\/li>\n\n\n\n<li>O processamento \u00e9 limitado no tempo. N\u00e3o manteremos os seus dados pessoais por mais tempo do que o necess\u00e1rio. <\/li>\n\n\n\n<li>Faremos o nosso melhor para garantir a precis\u00e3o dos dados.<\/li>\n\n\n\n<li>Faremos o nosso melhor para garantir a integridade e a confidencialidade dos dados.<\/li>\n<\/ul>\n\n<h3 class=\"wp-block-heading\" id=\"gdpr-rights\">Direitos do titular dos dados<\/h3>\n\n<p>A pessoa em quest\u00e3o tem os seguintes direitos:<\/p>\n\n<ol class=\"wp-block-list\">\n<li>Direito \u00e0 informa\u00e7\u00e3o \u2013 o que significa que tem o direito de saber se os seus dados pessoais s\u00e3o processados; quais os dados recolhidos, onde s\u00e3o obtidos e por que motivo e por quem s\u00e3o processados.<\/li>\n\n\n\n<li>Direito de acesso \u2013 o que significa que tem o direito de aceder aos dados recolhidos de si ou sobre si. Isto inclui o seu direito de solicitar e obter uma c\u00f3pia dos dados pessoais sobre si que foram recolhidos. <\/li>\n\n\n\n<li>Direito de retifica\u00e7\u00e3o \u2013 o que significa que tem o direito de solicitar a retifica\u00e7\u00e3o ou elimina\u00e7\u00e3o dos seus dados pessoais que estejam incorretos ou incompletos.<\/li>\n\n\n\n<li>Direito de elimina\u00e7\u00e3o \u2013 o que significa que, em determinadas circunst\u00e2ncias, pode solicitar que os seus dados pessoais sejam eliminados dos nossos ficheiros.<\/li>\n\n\n\n<li>Direito de limitar o processamento \u2013 o que significa que, quando determinadas condi\u00e7\u00f5es se aplicam, tem o direito de limitar o processamento dos seus dados pessoais.<\/li>\n\n\n\n<li>Direito de se opor ao processamento \u2013 o que significa que, em certos casos, tem o direito de se opor ao processamento dos seus dados pessoais, por exemplo, no caso de marketing direto.<\/li>\n\n\n\n<li>Direito de se opor ao processamento autom\u00e1tico \u2013 o que significa que tem o direito de se opor ao processamento autom\u00e1tico, incluindo a cria\u00e7\u00e3o de perfis, e de n\u00e3o ser sujeito a uma decis\u00e3o baseada exclusivamente no processamento autom\u00e1tico. Este direito pode ser exercido sempre que um resultado da cria\u00e7\u00e3o de perfis produzir efeitos jur\u00eddicos que lhe digam respeito ou que o afetem significativamente. <\/li>\n\n\n\n<li>Direito \u00e0 portabilidade dos dados \u2013 tem o direito de obter os seus dados pessoais num formato leg\u00edvel por m\u00e1quina ou, se poss\u00edvel, sob a forma de uma transfer\u00eancia direta de um processador para outro.<\/li>\n\n\n\n<li>Direito de reclama\u00e7\u00e3o \u2013 se recusarmos o seu pedido de direitos de acesso, informaremos os motivos para tal. Se n\u00e3o estiver satisfeito com a forma como o seu pedido foi tratado, entre em contacto connosco. <\/li>\n\n\n\n<li>Direito \u00e0 assist\u00eancia da autoridade supervisora \u2013 isto significa que tem direito \u00e0 assist\u00eancia de uma autoridade supervisora e direito a outras vias de recurso, tais como uma a\u00e7\u00e3o de indemniza\u00e7\u00e3o.<\/li>\n\n\n\n<li>Direito de retirar o consentimento \u2013 tem o direito de retirar qualquer consentimento dado para o tratamento dos seus dados pessoais.<\/li>\n<\/ol>\n\n<h3 class=\"wp-block-heading\" id=\"gdpr-information\">Os dados que recolhemos<\/h3>\n\n<p><strong>Informa\u00e7\u00f5es que nos forneceu<\/strong><br\/>Isso pode incluir o seu endere\u00e7o de e-mail, nome, endere\u00e7o de cobran\u00e7a, endere\u00e7o residencial, etc. \u2013 principalmente informa\u00e7\u00f5es necess\u00e1rias para entregar um produto\/servi\u00e7o a si ou para melhorar a sua experi\u00eancia como cliente conosco. Armazenamos as informa\u00e7\u00f5es que nos fornece para que possa fazer coment\u00e1rios ou realizar outras atividades no site. Essas informa\u00e7\u00f5es incluem, por exemplo, o seu nome e endere\u00e7o de e-mail.   <\/p>\n\n<p><strong>Informa\u00e7\u00f5es recolhidas automaticamente sobre si<\/strong><br\/>Isso inclui informa\u00e7\u00f5es que s\u00e3o armazenadas automaticamente por cookies e outras ferramentas de sess\u00e3o. Por exemplo, informa\u00e7\u00f5es relacionadas ao seu carrinho de compras, endere\u00e7o IP, hist\u00f3rico de compras (se houver), etc., s\u00e3o armazenadas automaticamente por cookies e outras ferramentas de sess\u00e3o. Essas informa\u00e7\u00f5es s\u00e3o usadas para melhorar a sua experi\u00eancia como cliente. Essas informa\u00e7\u00f5es s\u00e3o usadas para melhorar a sua experi\u00eancia como cliente. Quando utiliza os nossos servi\u00e7os ou visualiza o conte\u00fado do nosso site, as suas atividades podem ser registadas.    <\/p>\n\n<p><strong>Informa\u00e7\u00f5es dos nossos parceiros<\/strong><br\/>Recolhemos informa\u00e7\u00f5es dos nossos parceiros de confian\u00e7a, confirmando que eles t\u00eam fundamentos legais para nos fornecer essas informa\u00e7\u00f5es. Trata-se de informa\u00e7\u00f5es que forneceu diretamente a eles ou informa\u00e7\u00f5es que eles recolheram sobre si por outros motivos legais. Veja a lista dos nossos parceiros <a href=\"#gdpr-sharing\">aqui<\/a>.  <\/p>\n\n<p><strong>Informa\u00e7\u00f5es dispon\u00edveis ao p\u00fablico<\/strong><br\/>Podemos recolher informa\u00e7\u00f5es sobre si que estejam dispon\u00edveis ao p\u00fablico.<\/p>\n\n<h3 class=\"wp-block-heading\" id=\"gdpr-processing\">Como utilizamos os seus dados pessoais<\/h3>\n\n<p>Utilizamos os seus dados pessoais para:<\/p>\n\n<ul class=\"wp-block-list\">\n<li>fornecer-lhe o nosso servi\u00e7o. Isso inclui, por exemplo, registar a sua conta, fornecer outros produtos e servi\u00e7os que tenha solicitado, fornecer itens promocionais a seu pedido e comunicar consigo em rela\u00e7\u00e3o a tais produtos e servi\u00e7os, comunicar e interagir consigo e notific\u00e1-lo sobre altera\u00e7\u00f5es em quaisquer servi\u00e7os. <\/li>\n\n\n\n<li>melhorar a experi\u00eancia do cliente;<\/li>\n\n\n\n<li>cumprir uma obriga\u00e7\u00e3o legal ou contratual;<\/li>\n\n\n\n<li>notificando-o assim que uma oferta corresponder ao seu pedido.<\/li>\n<\/ul>\n\n<p>Utilizamos os seus dados pessoais por motivos leg\u00edtimos e\/ou com o seu consentimento.<\/p>\n\n<p>Em rela\u00e7\u00e3o \u00e0 celebra\u00e7\u00e3o de um contrato ou ao cumprimento de obriga\u00e7\u00f5es contratuais, processamos os seus dados pessoais para os seguintes fins:<\/p>\n\n<ul class=\"wp-block-list\">\n<li>para identific\u00e1-lo;<\/li>\n\n\n\n<li>para lhe prestar um servi\u00e7o ou enviar-lhe\/oferecer-lhe um produto;<\/li>\n\n\n\n<li>para comunicar-se para fins de vendas ou faturamento.<\/li>\n<\/ul>\n\n<p>Com base num interesse leg\u00edtimo, processamos os seus dados pessoais para os seguintes fins:<\/p>\n\n<ul class=\"wp-block-list\">\n<li>para lhe enviar ofertas personalizadas* (da nossa parte e\/ou dos nossos parceiros cuidadosamente selecionados);<\/li>\n\n\n\n<li>para administrar e analisar a nossa clientela (comportamento e hist\u00f3rico de compras), a fim de melhorar a qualidade, variedade e disponibilidade dos produtos\/servi\u00e7os oferecidos\/fornecidos;<\/li>\n\n\n\n<li>realizar inqu\u00e9ritos de satisfa\u00e7\u00e3o do cliente.<\/li>\n<\/ul>\n\n<p>At\u00e9 que nos informe o contr\u00e1rio, consideramos que \u00e9 do nosso interesse leg\u00edtimo oferecer-lhe produtos\/servi\u00e7os semelhantes ou id\u00eanticos ao seu hist\u00f3rico de compras\/comportamento de navega\u00e7\u00e3o.<\/p>\n\n<p>Com o seu consentimento, processamos os seus dados pessoais para os seguintes fins:<\/p>\n\n<ul class=\"wp-block-list\">\n<li>para lhe enviar newsletters e ofertas promocionais (da nossa parte e\/ou dos nossos parceiros cuidadosamente selecionados);<\/li>\n\n\n\n<li>para outros fins para os quais solicit\u00e1mos o seu consentimento.<\/li>\n<\/ul>\n\n<p>Processamos os seus dados pessoais para cumprir as obriga\u00e7\u00f5es decorrentes da lei e\/ou para utilizar os seus dados pessoais para as op\u00e7\u00f5es previstas na lei. Reservamo-nos o direito de tornar an\u00f3nimos os dados pessoais recolhidos e de utilizar esses dados. S\u00f3 utilizaremos dados fora do \u00e2mbito desta pol\u00edtica se forem tornados an\u00f3nimos. Conservamos as suas informa\u00e7\u00f5es de fatura\u00e7\u00e3o e outras informa\u00e7\u00f5es recolhidas sobre si durante o tempo necess\u00e1rio para fins contabil\u00edsticos ou para cumprir outras obriga\u00e7\u00f5es legais, mas n\u00e3o mais do que o \u00abtempo de vida\u00bb dos dados pessoais, tal como definido pela CNIL (Autoridade Francesa de Prote\u00e7\u00e3o de Dados).   <\/p>\n\n<p>Podemos processar os seus dados pessoais para fins adicionais n\u00e3o mencionados aqui, mas que sejam compat\u00edveis com a finalidade original para a qual os dados foram recolhidos. Ao faz\u00ea-lo, garantiremos que: <\/p>\n\n<ul class=\"wp-block-list\">\n<li>a liga\u00e7\u00e3o entre as finalidades, o contexto e a natureza dos dados pessoais \u00e9 adequada para o tratamento posterior;<\/li>\n\n\n\n<li>o processamento posterior n\u00e3o afetaria negativamente os seus interesses, e<\/li>\n\n\n\n<li>haveria uma garantia adequada para o tratamento.<\/li>\n<\/ul>\n\n<p>Iremos inform\u00e1-lo sobre qualquer tratamento adicional e a sua finalidade.<\/p>\n\n<h3 class=\"wp-block-heading\" id=\"gdpr-sharing\">Quem mais pode aceder aos seus dados pessoais<\/h3>\n\n<p>N\u00e3o partilhamos os seus dados pessoais com estranhos. Em alguns casos, os seus dados pessoais s\u00e3o partilhados com os nossos parceiros de confian\u00e7a, a fim de permitir a presta\u00e7\u00e3o do servi\u00e7o ou melhorar a sua experi\u00eancia como cliente. <\/p>\n\n<p>Trabalhamos apenas com parceiros de processamento que s\u00e3o capazes de fornecer um n\u00edvel adequado de prote\u00e7\u00e3o para os seus dados pessoais. Divulgamos os seus dados pessoais a terceiros ou autoridades quando somos legalmente obrigados a faz\u00ea-lo. Podemos divulgar os seus dados pessoais a terceiros se tiver consentido com isso ou se houver outros fundamentos legais.  <\/p>\n\n<h3 class=\"wp-block-heading\" id=\"gdpr-security\">Como protegemos os seus dados<\/h3>\n\n<p>Fazemos o nosso melhor para garantir a seguran\u00e7a dos seus dados pessoais. Utilizamos protocolos seguros para comunica\u00e7\u00e3o e transfer\u00eancia de dados (como HTTPS). Utilizamos anonimato e pseudonimato quando apropriado. Monitorizamos os nossos sistemas para poss\u00edveis vulnerabilidades e ataques.   <\/p>\n\n<p>Embora fa\u00e7amos o nosso melhor, n\u00e3o podemos garantir a seguran\u00e7a das informa\u00e7\u00f5es. No entanto, comprometemo-nos a informar as autoridades competentes em caso de viola\u00e7\u00e3o de dados. Tamb\u00e9m o informaremos se os seus direitos ou interesses forem amea\u00e7ados. Faremos tudo o que for razoavelmente poss\u00edvel para evitar viola\u00e7\u00f5es de seguran\u00e7a e para ajudar as autoridades em caso de viola\u00e7\u00e3o.   <\/p>\n\n<p>Se tiver uma conta connosco, tenha em aten\u00e7\u00e3o que deve manter o seu nome de utilizador e palavra-passe em segredo.<\/p>\n\n<h3 class=\"wp-block-heading\">Crian\u00e7as<\/h3>\n\n<p>N\u00e3o pretendemos recolher ou recolher conscientemente informa\u00e7\u00f5es de crian\u00e7as. Os nossos servi\u00e7os n\u00e3o se destinam a crian\u00e7as. <\/p>\n\n<h3 class=\"wp-block-heading\" id=\"gdpr-cookies\">Cookies e outras tecnologias que utilizamos<\/h3>\n\n<p>Utilizamos cookies e\/ou tecnologias semelhantes para analisar o comportamento dos clientes, administrar o site, rastrear os movimentos dos utilizadores e recolher informa\u00e7\u00f5es sobre os utilizadores. Isso \u00e9 feito com o objetivo de personalizar e melhorar a sua experi\u00eancia conosco. <\/p>\n\n<p>Um cookie \u00e9 um pequeno ficheiro de texto armazenado no seu computador. Os cookies armazenam informa\u00e7\u00f5es que s\u00e3o utilizadas para ajudar no funcionamento dos sites. Somente n\u00f3s temos acesso aos cookies criados pelo nosso site. Pode controlar os seus cookies no navegador. Ao optar por desativar os cookies, poder\u00e1 impedir a utiliza\u00e7\u00e3o de determinadas fun\u00e7\u00f5es.    <\/p>\n\n<p><strong>Utilizamos cookies para os seguintes fins:<\/strong><\/p>\n\n<ul class=\"wp-block-list\">\n<li>Cookies necess\u00e1rios \u2013 estes cookies s\u00e3o necess\u00e1rios para que possa utilizar determinadas fun\u00e7\u00f5es importantes do nosso website, tais como o in\u00edcio de sess\u00e3o. Estes cookies n\u00e3o recolhem quaisquer informa\u00e7\u00f5es pessoais. <\/li>\n\n\n\n<li>Cookies de funcionalidade \u2013 estes cookies fornecem recursos que tornam a utiliza\u00e7\u00e3o do nosso servi\u00e7o mais conveniente e nos permitem oferecer funcionalidades mais personalizadas. Por exemplo, eles podem lembrar o seu nome e endere\u00e7o de e-mail em formul\u00e1rios de coment\u00e1rios, para que n\u00e3o precise voltar a introduzir essas informa\u00e7\u00f5es na pr\u00f3xima vez que fizer um coment\u00e1rio. <\/li>\n\n\n\n<li>Cookies anal\u00edticos \u2013 estes cookies s\u00e3o utilizados para monitorizar a utiliza\u00e7\u00e3o e o desempenho do nosso website e servi\u00e7os.<\/li>\n\n\n\n<li>Cookies de publicidade \u2013 estes cookies s\u00e3o utilizados para apresentar an\u00fancios que s\u00e3o relevantes para si e correspondem aos seus interesses. Al\u00e9m disso, s\u00e3o utilizados para limitar o n\u00famero de vezes que v\u00ea um an\u00fancio. Normalmente, s\u00e3o colocados no site por redes de publicidade com a autoriza\u00e7\u00e3o do operador do site. Estes cookies armazenam o facto de ter visitado um site e esta informa\u00e7\u00e3o \u00e9 partilhada com outras organiza\u00e7\u00f5es, tais como anunciantes. Muitas vezes, os cookies de segmenta\u00e7\u00e3o ou publicidade est\u00e3o ligados \u00e0 funcionalidade do site fornecida pela outra organiza\u00e7\u00e3o.    <\/li>\n<\/ul>\n\n<p>Pode eliminar os cookies armazenados no seu computador atrav\u00e9s das defini\u00e7\u00f5es do seu navegador. Tamb\u00e9m pode controlar determinados cookies de terceiros utilizando uma plataforma de melhoria da privacidade, como optout.aboutads.info ou youronlinechoices.com. Para mais informa\u00e7\u00f5es sobre cookies, visite <a href=\"http:\/\/www.allaboutcookies.org\" target=\"_blank\" rel=\"noopener noreferrer\">allaboutcookies.org<\/a>.  <\/p>\n\n<p>Utilizamos o Google Analytics para medir o tr\u00e1fego no nosso site. O Google tem a sua pr\u00f3pria pol\u00edtica de privacidade, que pode ler aqui. Se desejar desativar o rastreamento do Google Analytics, visite a <a href=\"https:\/\/tools.google.com\/dlpage\/gaoptout\" target=\"_blank\" rel=\"noopener noreferrer\">p\u00e1gina de desativa\u00e7\u00e3o do Google Analytics<\/a>.  <\/p>\n\n<h3 class=\"wp-block-heading\" id=\"gdpr-contact\">Informa\u00e7\u00f5es de contacto<\/h3>\n\n<p><strong id=\"gdpr-dpa\">Autoridade Supervisora<\/strong><\/p>\n\n<h3 class=\"wp-block-heading\" id=\"gdpr-changes\">Altera\u00e7\u00f5es a esta Pol\u00edtica de Privacidade<\/h3>\n\n<p>Reservamo-nos o direito de alterar esta pol\u00edtica de privacidade.<br\/> Esta Pol\u00edtica de Privacidade foi modificada pela \u00faltima vez em 25 de setembro de 2020.<\/p>\n","protected":false},"excerpt":{"rendered":"<p>A eHealth4ChildTB est\u00e1 empenhada em proteger a sua privacidade. Se tiver alguma d\u00favida ou problema relacionado com a utiliza\u00e7\u00e3o dos seus dados pessoais, contacte-nos atrav\u00e9s do endere\u00e7o nicolas.koskas@u-bordeaux.fr e teremos [&hellip;]<\/p>\n","protected":false},"author":1,"featured_media":0,"parent":0,"menu_order":20,"comment_status":"closed","ping_status":"closed","template":"page-mentions.php","meta":{"_acf_changed":false,"footnotes":""},"class_list":["post-2230","page","type-page","status-publish","hentry"],"acf":[],"yoast_head":"<!-- This site is optimized with the Yoast SEO plugin v27.5 - https:\/\/yoast.com\/product\/yoast-seo-wordpress\/ -->\n<title>Pol\u00edtica de privacidade | eHealth4ChildTB<\/title>\n<meta name=\"robots\" content=\"index, follow, max-snippet:-1, max-image-preview:large, max-video-preview:-1\" \/>\n<link rel=\"canonical\" href=\"https:\/\/www.ehealth4childtb.com\/pt-br\/politica-de-privacidade\/\" \/>\n<meta property=\"og:locale\" content=\"pt_BR\" \/>\n<meta property=\"og:type\" content=\"article\" \/>\n<meta property=\"og:title\" content=\"Pol\u00edtica de privacidade | eHealth4ChildTB\" \/>\n<meta property=\"og:description\" content=\"A eHealth4ChildTB est\u00e1 empenhada em proteger a sua privacidade. Se tiver alguma d\u00favida ou problema relacionado com a utiliza\u00e7\u00e3o dos seus dados pessoais, contacte-nos atrav\u00e9s do endere\u00e7o nicolas.koskas@u-bordeaux.fr e teremos [&hellip;]\" \/>\n<meta property=\"og:url\" content=\"https:\/\/www.ehealth4childtb.com\/pt-br\/politica-de-privacidade\/\" \/>\n<meta property=\"og:site_name\" content=\"eHealth4ChildTB\" \/>\n<meta property=\"article:modified_time\" content=\"2025-11-07T11:02:16+00:00\" \/>\n<meta name=\"twitter:card\" content=\"summary_large_image\" \/>\n<meta name=\"twitter:label1\" content=\"Est. tempo de leitura\" \/>\n\t<meta name=\"twitter:data1\" content=\"11 minutos\" \/>\n<script type=\"application\/ld+json\" class=\"yoast-schema-graph\">{\"@context\":\"https:\\\/\\\/schema.org\",\"@graph\":[{\"@type\":\"WebPage\",\"@id\":\"https:\\\/\\\/www.ehealth4childtb.com\\\/pt-br\\\/politica-de-privacidade\\\/\",\"url\":\"https:\\\/\\\/www.ehealth4childtb.com\\\/pt-br\\\/politica-de-privacidade\\\/\",\"name\":\"Pol\u00edtica de privacidade | eHealth4ChildTB\",\"isPartOf\":{\"@id\":\"https:\\\/\\\/www.ehealth4childtb.com\\\/pt-br\\\/#website\"},\"datePublished\":\"2024-02-08T11:47:47+00:00\",\"dateModified\":\"2025-11-07T11:02:16+00:00\",\"breadcrumb\":{\"@id\":\"https:\\\/\\\/www.ehealth4childtb.com\\\/pt-br\\\/politica-de-privacidade\\\/#breadcrumb\"},\"inLanguage\":\"pt-BR\",\"potentialAction\":[{\"@type\":\"ReadAction\",\"target\":[\"https:\\\/\\\/www.ehealth4childtb.com\\\/pt-br\\\/politica-de-privacidade\\\/\"]}]},{\"@type\":\"BreadcrumbList\",\"@id\":\"https:\\\/\\\/www.ehealth4childtb.com\\\/pt-br\\\/politica-de-privacidade\\\/#breadcrumb\",\"itemListElement\":[{\"@type\":\"ListItem\",\"position\":1,\"name\":\"Home\",\"item\":\"https:\\\/\\\/www.ehealth4childtb.com\\\/pt-br\\\/pagina-inicial\\\/\"},{\"@type\":\"ListItem\",\"position\":2,\"name\":\"Pol\u00edtica de privacidade\"}]},{\"@type\":\"WebSite\",\"@id\":\"https:\\\/\\\/www.ehealth4childtb.com\\\/pt-br\\\/#website\",\"url\":\"https:\\\/\\\/www.ehealth4childtb.com\\\/pt-br\\\/\",\"name\":\"eHealth4ChildTB\",\"description\":\"Improving the diagnosis of tuberculosis in children\",\"potentialAction\":[{\"@type\":\"SearchAction\",\"target\":{\"@type\":\"EntryPoint\",\"urlTemplate\":\"https:\\\/\\\/www.ehealth4childtb.com\\\/pt-br\\\/?s={search_term_string}\"},\"query-input\":{\"@type\":\"PropertyValueSpecification\",\"valueRequired\":true,\"valueName\":\"search_term_string\"}}],\"inLanguage\":\"pt-BR\"}]}<\/script>\n<!-- \/ Yoast SEO plugin. -->","yoast_head_json":{"title":"Pol\u00edtica de privacidade | eHealth4ChildTB","robots":{"index":"index","follow":"follow","max-snippet":"max-snippet:-1","max-image-preview":"max-image-preview:large","max-video-preview":"max-video-preview:-1"},"canonical":"https:\/\/www.ehealth4childtb.com\/pt-br\/politica-de-privacidade\/","og_locale":"pt_BR","og_type":"article","og_title":"Pol\u00edtica de privacidade | eHealth4ChildTB","og_description":"A eHealth4ChildTB est\u00e1 empenhada em proteger a sua privacidade. Se tiver alguma d\u00favida ou problema relacionado com a utiliza\u00e7\u00e3o dos seus dados pessoais, contacte-nos atrav\u00e9s do endere\u00e7o nicolas.koskas@u-bordeaux.fr e teremos [&hellip;]","og_url":"https:\/\/www.ehealth4childtb.com\/pt-br\/politica-de-privacidade\/","og_site_name":"eHealth4ChildTB","article_modified_time":"2025-11-07T11:02:16+00:00","twitter_card":"summary_large_image","twitter_misc":{"Est. tempo de leitura":"11 minutos"},"schema":{"@context":"https:\/\/schema.org","@graph":[{"@type":"WebPage","@id":"https:\/\/www.ehealth4childtb.com\/pt-br\/politica-de-privacidade\/","url":"https:\/\/www.ehealth4childtb.com\/pt-br\/politica-de-privacidade\/","name":"Pol\u00edtica de privacidade | eHealth4ChildTB","isPartOf":{"@id":"https:\/\/www.ehealth4childtb.com\/pt-br\/#website"},"datePublished":"2024-02-08T11:47:47+00:00","dateModified":"2025-11-07T11:02:16+00:00","breadcrumb":{"@id":"https:\/\/www.ehealth4childtb.com\/pt-br\/politica-de-privacidade\/#breadcrumb"},"inLanguage":"pt-BR","potentialAction":[{"@type":"ReadAction","target":["https:\/\/www.ehealth4childtb.com\/pt-br\/politica-de-privacidade\/"]}]},{"@type":"BreadcrumbList","@id":"https:\/\/www.ehealth4childtb.com\/pt-br\/politica-de-privacidade\/#breadcrumb","itemListElement":[{"@type":"ListItem","position":1,"name":"Home","item":"https:\/\/www.ehealth4childtb.com\/pt-br\/pagina-inicial\/"},{"@type":"ListItem","position":2,"name":"Pol\u00edtica de privacidade"}]},{"@type":"WebSite","@id":"https:\/\/www.ehealth4childtb.com\/pt-br\/#website","url":"https:\/\/www.ehealth4childtb.com\/pt-br\/","name":"eHealth4ChildTB","description":"Improving the diagnosis of tuberculosis in children","potentialAction":[{"@type":"SearchAction","target":{"@type":"EntryPoint","urlTemplate":"https:\/\/www.ehealth4childtb.com\/pt-br\/?s={search_term_string}"},"query-input":{"@type":"PropertyValueSpecification","valueRequired":true,"valueName":"search_term_string"}}],"inLanguage":"pt-BR"}]}},"_links":{"self":[{"href":"https:\/\/www.ehealth4childtb.com\/pt-br\/wp-json\/wp\/v2\/pages\/2230","targetHints":{"allow":["GET"]}}],"collection":[{"href":"https:\/\/www.ehealth4childtb.com\/pt-br\/wp-json\/wp\/v2\/pages"}],"about":[{"href":"https:\/\/www.ehealth4childtb.com\/pt-br\/wp-json\/wp\/v2\/types\/page"}],"author":[{"embeddable":true,"href":"https:\/\/www.ehealth4childtb.com\/pt-br\/wp-json\/wp\/v2\/users\/1"}],"replies":[{"embeddable":true,"href":"https:\/\/www.ehealth4childtb.com\/pt-br\/wp-json\/wp\/v2\/comments?post=2230"}],"version-history":[{"count":1,"href":"https:\/\/www.ehealth4childtb.com\/pt-br\/wp-json\/wp\/v2\/pages\/2230\/revisions"}],"predecessor-version":[{"id":2231,"href":"https:\/\/www.ehealth4childtb.com\/pt-br\/wp-json\/wp\/v2\/pages\/2230\/revisions\/2231"}],"wp:attachment":[{"href":"https:\/\/www.ehealth4childtb.com\/pt-br\/wp-json\/wp\/v2\/media?parent=2230"}],"curies":[{"name":"wp","href":"https:\/\/api.w.org\/{rel}","templated":true}]}}