{"id":2228,"date":"2025-09-25T14:23:51","date_gmt":"2025-09-25T12:23:51","guid":{"rendered":"https:\/\/www.ehealth4childtb.com\/avisos-legais\/"},"modified":"2025-11-07T11:49:33","modified_gmt":"2025-11-07T10:49:33","slug":"avisos-legais","status":"publish","type":"page","link":"https:\/\/www.ehealth4childtb.com\/pt-br\/avisos-legais\/","title":{"rendered":"Avisos legais"},"content":{"rendered":"\n<h2 class=\"wp-block-heading\">1. Apresenta\u00e7\u00e3o do site.<\/h2>\n\n<p>Nos termos do artigo 6.\u00ba da Lei n.\u00ba 2004-575, de 21 de junho de 2004, relativa \u00e0 confian\u00e7a na economia digital, divulgamos aos utilizadores do site a identidade das pessoas envolvidas na cria\u00e7\u00e3o e manuten\u00e7\u00e3o do site <a href=\"https:\/\/www.ehealth4childtb.com\/pt-br\/\">ehealth4childtb.com<\/a>:<\/p>\n\n<p><strong>Propriet\u00e1rio<\/strong>: Universit\u00e9 de Bordeaux &#8211; 146, rue L\u00e9o Saignat 33076 Bordeaux Cedex<\/p>\n\n<p><strong>Criador<\/strong>: Fourmizz &#8211; <a href=\"https:\/\/www.fourmizz.fr\/\" target=\"_blank\" rel=\"noopener\">fourmizz.fr<\/a><\/p>\n\n<p><strong>Gerente de publica\u00e7\u00e3o<\/strong>: Nicolas koskas<\/p>\n\n<p>O gestor da publica\u00e7\u00e3o \u00e9 uma pessoa singular ou coletiva.<\/p>\n\n<p><strong>Apresentador<\/strong>: OVH \u2013 2 rue Kellermann \u2013 59100 ROUBAIX \u2013 Fran\u00e7a<\/p>\n\n<h2 class=\"wp-block-heading\">2. Termos gerais de utiliza\u00e7\u00e3o do site e dos servi\u00e7os oferecidos.<\/h2>\n\n<p>A utiliza\u00e7\u00e3o do site <a href=\"https:\/\/www.ehealth4childtb.com\/pt-br\/\">ehealth4childtb.com<\/a> implica a aceita\u00e7\u00e3o plena e completa das condi\u00e7\u00f5es gerais de utiliza\u00e7\u00e3o descritas abaixo. Estas condi\u00e7\u00f5es de utiliza\u00e7\u00e3o podem ser modificadas ou complementadas a qualquer momento. Os utilizadores do site <a href=\"https:\/\/www.ehealth4childtb.com\/pt-br\/\">ehealth4childtb.com<\/a> s\u00e3o, portanto, convidados a consult\u00e1-las regularmente.  <\/p>\n\n<p>Os utilizadores devem poder aceder a este site a qualquer momento. No entanto, a Universidade de Bord\u00e9us pode decidir interromper o acesso ao site devido a manuten\u00e7\u00e3o t\u00e9cnica. Os utilizadores ser\u00e3o informados com anteced\u00eancia das datas e hor\u00e1rios dos trabalhos de manuten\u00e7\u00e3o.  <\/p>\n\n<p>Da mesma forma, os termos de utiliza\u00e7\u00e3o podem ser modificados a qualquer momento, mas \u00e9 da responsabilidade do utilizador consult\u00e1-los com a maior frequ\u00eancia poss\u00edvel para se manter atualizado.<\/p>\n\n<h2 class=\"wp-block-heading\">3. Descri\u00e7\u00e3o dos servi\u00e7os prestados.<\/h2>\n\n<p>O site <a href=\"https:\/\/www.ehealth4childtb.com\/pt-br\/\">ehealth4childtb.com<\/a> tem como objetivo fornecer informa\u00e7\u00f5es sobre todas as atividades da empresa.<\/p>\n\n<p>O eHealth4ChildTB procura fornecer informa\u00e7\u00f5es t\u00e3o precisas quanto poss\u00edvel no site <a href=\"https:\/\/www.ehealth4childtb.com\/pt-br\/\">ehealth4childtb.com<\/a>. No entanto, n\u00e3o pode ser responsabilizado por quaisquer omiss\u00f5es, imprecis\u00f5es ou defici\u00eancias nas atualiza\u00e7\u00f5es, sejam elas da sua responsabilidade ou de terceiros que fornecem essas informa\u00e7\u00f5es. <\/p>\n\n<p>Todas as informa\u00e7\u00f5es contidas no site <a href=\"https:\/\/www.ehealth4childtb.com\/pt-br\/\">ehealth4childtb.com<\/a> s\u00e3o fornecidas a t\u00edtulo indicativo e est\u00e3o sujeitas a altera\u00e7\u00f5es. Al\u00e9m disso, as informa\u00e7\u00f5es contidas no site <a href=\"https:\/\/www.ehealth4childtb.com\/pt-br\/\">ehealth4childtb.com<\/a> n\u00e3o s\u00e3o exaustivas. Estas informa\u00e7\u00f5es s\u00e3o fornecidas sob reserva de altera\u00e7\u00f5es introduzidas desde a sua publica\u00e7\u00e3o.  <\/p>\n\n<h2 class=\"wp-block-heading\">4. Limita\u00e7\u00f5es contratuais sobre dados t\u00e9cnicos.<\/h2>\n\n<p>Este site utiliza tecnologia JavaScript.<\/p>\n\n<p>O site n\u00e3o pode ser responsabilizado por danos materiais relacionados com a utiliza\u00e7\u00e3o do site. Al\u00e9m disso, o utilizador do site compromete-se a aceder ao site utilizando equipamento moderno e livre de v\u00edrus, a partir de um navegador atualizado e de \u00faltima gera\u00e7\u00e3o. <\/p>\n\n<h2 class=\"wp-block-heading\">5. Propriedade intelectual e fraude.<\/h2>\n\n<p>A eHealth4ChildTB det\u00e9m os direitos de propriedade intelectual ou os direitos de utiliza\u00e7\u00e3o de todos os elementos dispon\u00edveis no site, incluindo textos, imagens, gr\u00e1ficos, log\u00f3tipos, \u00edcones, sons e software.<\/p>\n\n<p>\u00c9 proibida qualquer reprodu\u00e7\u00e3o, representa\u00e7\u00e3o, modifica\u00e7\u00e3o, publica\u00e7\u00e3o, adapta\u00e7\u00e3o de todo ou parte dos elementos do site, independentemente dos meios ou processos utilizados, sem a autoriza\u00e7\u00e3o pr\u00e9via por escrito da: eHealth4ChildTB.<\/p>\n\n<p>Qualquer utiliza\u00e7\u00e3o n\u00e3o autorizada do site ou de qualquer dos elementos nele contidos ser\u00e1 considerada uma infra\u00e7\u00e3o e ser\u00e1 processada judicialmente de acordo com as disposi\u00e7\u00f5es dos artigos L.335-2 e seguintes do C\u00f3digo da Propriedade Intelectual.<\/p>\n\n<h2 class=\"wp-block-heading\">6. Limita\u00e7\u00e3o de responsabilidade.<\/h2>\n\n<p>A eHealth4ChildTB n\u00e3o pode ser responsabilizada por danos diretos ou indiretos ao equipamento do utilizador ao aceder ao site ehealth4childtb.com, resultantes da utiliza\u00e7\u00e3o de equipamento que n\u00e3o cumpra as especifica\u00e7\u00f5es indicadas no ponto 4, ou do aparecimento de um v\u00edrus ou incompatibilidade.<\/p>\n\n<p>A eHealth4ChildTB n\u00e3o pode ser responsabilizada por danos consequentes (tais como, por exemplo, perda de mercado ou perda de oportunidade) resultantes da utiliza\u00e7\u00e3o do site <a href=\"https:\/\/www.ehealth4childtb.com\/pt-br\/\">ehealth4childtb.com<\/a>.<\/p>\n\n<p>Espa\u00e7os interativos (onde os utilizadores podem fazer perguntas na sec\u00e7\u00e3o de contacto) est\u00e3o dispon\u00edveis para os utilizadores do site. A eHealth4ChildTB reserva-se o direito de eliminar, sem aviso pr\u00e9vio, qualquer conte\u00fado publicado neste espa\u00e7o que viole a legisla\u00e7\u00e3o aplic\u00e1vel em Fran\u00e7a, em particular as disposi\u00e7\u00f5es relativas \u00e0 prote\u00e7\u00e3o de dados. Quando aplic\u00e1vel, o eHealth4ChildTB tamb\u00e9m se reserva o direito de implicar a responsabilidade civil e\/ou criminal do utilizador, particularmente no caso de mensagens racistas, abusivas, difamat\u00f3rias ou pornogr\u00e1ficas, independentemente do meio utilizado (texto, fotografia, etc.).  <\/p>\n\n<h2 class=\"wp-block-heading\">7. Gest\u00e3o de dados pessoais.<\/h2>\n\n<p>Em Fran\u00e7a, os dados pessoais s\u00e3o protegidos, em particular, pela Lei n.\u00ba 78-87, de 6 de janeiro de 1978, pela Lei n.\u00ba 2004-801, de 6 de agosto de 2004, pelo artigo L. 226-13 do C\u00f3digo Penal e pela Diretiva Europeia de 24 de outubro de 1995.<\/p>\n\n<p>Ao utilizar o site <a href=\"https:\/\/www.ehealth4childtb.com\/pt-br\/\">ehealth4childtb.com<\/a>, podem ser recolhidos os seguintes dados: os links URL do intermedi\u00e1rio a partir do qual o utilizador acedeu ao site <a href=\"https:\/\/www.ehealth4childtb.com\/pt-br\/\">ehealth4childtb.com<\/a>, o fornecedor de Internet do utilizador e o endere\u00e7o IP do utilizador.<\/p>\n\n<p>Em qualquer caso, o eHealth4ChildTB apenas recolhe dados pessoais sobre o utilizador para efeitos de determinados servi\u00e7os oferecidos pelo site <a href=\"https:\/\/www.ehealth4childtb.com\/pt-br\/\">ehealth4childtb.com<\/a>. O utilizador fornece esses dados com pleno conhecimento, especialmente quando os introduz ele pr\u00f3prio. \u00c9 ent\u00e3o claro para o utilizador do site <a href=\"https:\/\/www.ehealth4childtb.com\/pt-br\/\">ehealth4childtb.com<\/a> a obriga\u00e7\u00e3o ou n\u00e3o de fornecer essas informa\u00e7\u00f5es.  <\/p>\n\n<p>De acordo com as disposi\u00e7\u00f5es do artigo 38.\u00ba e seguintes da Lei 78-17, de 6 de janeiro de 1978, relativa aos dados, ficheiros e liberdades, todos os utilizadores t\u00eam o direito de aceder, retificar e opor-se aos dados pessoais que lhes dizem respeito, enviando um pedido por escrito assinado, acompanhado de uma c\u00f3pia assinada do seu documento de identifica\u00e7\u00e3o, especificando o endere\u00e7o para o qual a resposta deve ser enviada. <\/p>\n\n<p>Nenhum dado pessoal do utilizador do site <a href=\"https:\/\/www.ehealth4childtb.com\/pt-br\/\">ehealth4childtb.com<\/a> \u00e9 publicado sem o conhecimento do utilizador, nem trocado, transferido, cedido ou vendido em qualquer meio a terceiros. Apenas no caso de a eHealth4ChildTB e os seus direitos serem vendidos \u00e9 que a transfer\u00eancia desses dados para o potencial comprador seria permitida, que, por sua vez, teria as mesmas obriga\u00e7\u00f5es em rela\u00e7\u00e3o ao armazenamento e modifica\u00e7\u00e3o dos dados dos utilizadores do site <a href=\"https:\/\/www.ehealth4childtb.com\/pt-br\/\">ehealth4childtb.com<\/a>. <\/p>\n\n<p>As bases de dados est\u00e3o protegidas pelas disposi\u00e7\u00f5es da Lei de 1 de julho de 1998 que transp\u00f5e a Diretiva 96\/9, de 11 de mar\u00e7o de 1996, relativa \u00e0 prote\u00e7\u00e3o jur\u00eddica das bases de dados.<\/p>\n\n<h2 class=\"wp-block-heading\">8. Links de hipertexto e cookies.<\/h2>\n\n<p>O site <a href=\"https:\/\/www.ehealth4childtb.com\/pt-br\/\">ehealth4childtb.com<\/a> cont\u00e9m um certo n\u00famero de hiperliga\u00e7\u00f5es para outros sites, criadas com a autoriza\u00e7\u00e3o da eHealth4ChildTB. No entanto, a eHealth4ChildTB n\u00e3o tem como verificar o conte\u00fado dos sites visitados dessa forma e n\u00e3o assumir\u00e1 qualquer responsabilidade por isso. <\/p>\n\n<p>A navega\u00e7\u00e3o no site <a href=\"https:\/\/www.ehealth4childtb.com\/pt-br\/\">ehealth4childtb.com<\/a> pode levar \u00e0 instala\u00e7\u00e3o de cookies no computador do utilizador. Um cookie \u00e9 um pequeno ficheiro que n\u00e3o permite identificar o utilizador, mas que recolhe dados \u00e0 medida que este navega num site a partir do seu computador. Os dados assim obtidos destinam-se a facilitar visitas posteriores ao site, bem como a permitir v\u00e1rias medi\u00e7\u00f5es da frequ\u00eancia das visitas.  <\/p>\n\n<p>A recusa em instalar um cookie pode impossibilitar o acesso a determinados servi\u00e7os. No entanto, o utilizador pode configurar o seu computador da seguinte forma para recusar a instala\u00e7\u00e3o de cookies: <\/p>\n\n<p>No Firefox: clique no bot\u00e3o do menu e selecione Bloqueio de conte\u00fado. Clique em Privacidade e seguran\u00e7a. <br\/> Selecione Personalizar e marque Cookies. Use o menu suspenso para escolher o tipo de cookies a bloquear. <\/p>\n\n<p>No Safari: Selecione Prefer\u00eancias no menu Safari. V\u00e1 para o menu Privacidade. Escolha como deseja que o Safari trate os cookies: Sempre bloquear; Permitir apenas do site atual; Sempre permitir.  <\/p>\n\n<p>No Chrome: Clique no \u00edcone do menu no canto superior direito do navegador (as tr\u00eas linhas). Selecione Defini\u00e7\u00f5es. Clique em Avan\u00e7ado. Em \u00abPrivacidade e seguran\u00e7a\u00bb, clique em Defini\u00e7\u00f5es de conte\u00fado. Clique em Cookies. A partir daqui, pode: Ativar os cookies: Ao lado de \u00abBloqueados\u00bb, ative o bot\u00e3o.    <br\/> Desativar cookies: Desative a op\u00e7\u00e3o Permitir que os sites guardem e leiam dados de cookies.<\/p>\n\n<h2 class=\"wp-block-heading\">9. Lei aplic\u00e1vel e atribui\u00e7\u00e3o de jurisdi\u00e7\u00e3o.<\/h2>\n\n<p>Qualquer lit\u00edgio relacionado com a utiliza\u00e7\u00e3o do site <a href=\"https:\/\/www.ehealth4childtb.com\/pt-br\/\">ehealth4childtb.com<\/a> est\u00e1 sujeito \u00e0 legisla\u00e7\u00e3o francesa. Os tribunais competentes de Bord\u00e9us ter\u00e3o jurisdi\u00e7\u00e3o exclusiva. <\/p>\n\n<h2 class=\"wp-block-heading\">10. As principais leis em quest\u00e3o.<\/h2>\n\n<p>Lei n.\u00ba 78-17, de 6 de janeiro de 1978, alterada pela Lei n.\u00ba 2004-801, de 6 de agosto de 2004, relativa ao tratamento de dados, ficheiros e liberdades.<\/p>\n\n<p>Lei n.\u00ba 2004-575, de 21 de junho de 2004, relativa \u00e0 confian\u00e7a na economia digital.<\/p>\n\n<h2 class=\"wp-block-heading\">11. L\u00e9xico.<\/h2>\n\n<p>Utilizador: Um utilizador da Internet ligado e a utilizar o site acima mencionado.<\/p>\n\n<p>Dados pessoais: \u00abdados que permitem, de qualquer forma, direta ou indiretamente, a identifica\u00e7\u00e3o das pessoas singulares a que se referem\u00bb (artigo 4.\u00ba da Lei n.\u00ba 78-17, de 6 de janeiro de 1978).<\/p>\n","protected":false},"excerpt":{"rendered":"<p>1. Apresenta\u00e7\u00e3o do site. Nos termos do artigo 6.\u00ba da Lei n.\u00ba 2004-575, de 21 de junho de 2004, relativa \u00e0 confian\u00e7a na economia digital, divulgamos aos utilizadores do site [&hellip;]<\/p>\n","protected":false},"author":1,"featured_media":0,"parent":0,"menu_order":0,"comment_status":"closed","ping_status":"closed","template":"page-mentions.php","meta":{"_acf_changed":false,"footnotes":""},"class_list":["post-2228","page","type-page","status-publish","hentry"],"acf":[],"yoast_head":"<!-- This site is optimized with the Yoast SEO plugin v27.5 - https:\/\/yoast.com\/product\/yoast-seo-wordpress\/ -->\n<title>Avisos legais | eHealth4ChildTB<\/title>\n<meta name=\"robots\" content=\"index, follow, max-snippet:-1, max-image-preview:large, max-video-preview:-1\" \/>\n<link rel=\"canonical\" href=\"https:\/\/www.ehealth4childtb.com\/pt-br\/avisos-legais\/\" \/>\n<meta property=\"og:locale\" content=\"pt_BR\" \/>\n<meta property=\"og:type\" content=\"article\" \/>\n<meta property=\"og:title\" content=\"Avisos legais | eHealth4ChildTB\" \/>\n<meta property=\"og:description\" content=\"1. Apresenta\u00e7\u00e3o do site. Nos termos do artigo 6.\u00ba da Lei n.\u00ba 2004-575, de 21 de junho de 2004, relativa \u00e0 confian\u00e7a na economia digital, divulgamos aos utilizadores do site [&hellip;]\" \/>\n<meta property=\"og:url\" content=\"https:\/\/www.ehealth4childtb.com\/pt-br\/avisos-legais\/\" \/>\n<meta property=\"og:site_name\" content=\"eHealth4ChildTB\" \/>\n<meta property=\"article:modified_time\" content=\"2025-11-07T10:49:33+00:00\" \/>\n<meta name=\"twitter:card\" content=\"summary_large_image\" \/>\n<meta name=\"twitter:label1\" content=\"Est. tempo de leitura\" \/>\n\t<meta name=\"twitter:data1\" content=\"7 minutos\" \/>\n<script type=\"application\/ld+json\" class=\"yoast-schema-graph\">{\"@context\":\"https:\\\/\\\/schema.org\",\"@graph\":[{\"@type\":\"WebPage\",\"@id\":\"https:\\\/\\\/www.ehealth4childtb.com\\\/pt-br\\\/avisos-legais\\\/\",\"url\":\"https:\\\/\\\/www.ehealth4childtb.com\\\/pt-br\\\/avisos-legais\\\/\",\"name\":\"Avisos legais | eHealth4ChildTB\",\"isPartOf\":{\"@id\":\"https:\\\/\\\/www.ehealth4childtb.com\\\/pt-br\\\/#website\"},\"datePublished\":\"2025-09-25T12:23:51+00:00\",\"dateModified\":\"2025-11-07T10:49:33+00:00\",\"breadcrumb\":{\"@id\":\"https:\\\/\\\/www.ehealth4childtb.com\\\/pt-br\\\/avisos-legais\\\/#breadcrumb\"},\"inLanguage\":\"pt-BR\",\"potentialAction\":[{\"@type\":\"ReadAction\",\"target\":[\"https:\\\/\\\/www.ehealth4childtb.com\\\/pt-br\\\/avisos-legais\\\/\"]}]},{\"@type\":\"BreadcrumbList\",\"@id\":\"https:\\\/\\\/www.ehealth4childtb.com\\\/pt-br\\\/avisos-legais\\\/#breadcrumb\",\"itemListElement\":[{\"@type\":\"ListItem\",\"position\":1,\"name\":\"Home\",\"item\":\"https:\\\/\\\/www.ehealth4childtb.com\\\/pt-br\\\/pagina-inicial\\\/\"},{\"@type\":\"ListItem\",\"position\":2,\"name\":\"Avisos legais\"}]},{\"@type\":\"WebSite\",\"@id\":\"https:\\\/\\\/www.ehealth4childtb.com\\\/pt-br\\\/#website\",\"url\":\"https:\\\/\\\/www.ehealth4childtb.com\\\/pt-br\\\/\",\"name\":\"eHealth4ChildTB\",\"description\":\"Improving the diagnosis of tuberculosis in children\",\"potentialAction\":[{\"@type\":\"SearchAction\",\"target\":{\"@type\":\"EntryPoint\",\"urlTemplate\":\"https:\\\/\\\/www.ehealth4childtb.com\\\/pt-br\\\/?s={search_term_string}\"},\"query-input\":{\"@type\":\"PropertyValueSpecification\",\"valueRequired\":true,\"valueName\":\"search_term_string\"}}],\"inLanguage\":\"pt-BR\"}]}<\/script>\n<!-- \/ Yoast SEO plugin. -->","yoast_head_json":{"title":"Avisos legais | eHealth4ChildTB","robots":{"index":"index","follow":"follow","max-snippet":"max-snippet:-1","max-image-preview":"max-image-preview:large","max-video-preview":"max-video-preview:-1"},"canonical":"https:\/\/www.ehealth4childtb.com\/pt-br\/avisos-legais\/","og_locale":"pt_BR","og_type":"article","og_title":"Avisos legais | eHealth4ChildTB","og_description":"1. Apresenta\u00e7\u00e3o do site. Nos termos do artigo 6.\u00ba da Lei n.\u00ba 2004-575, de 21 de junho de 2004, relativa \u00e0 confian\u00e7a na economia digital, divulgamos aos utilizadores do site [&hellip;]","og_url":"https:\/\/www.ehealth4childtb.com\/pt-br\/avisos-legais\/","og_site_name":"eHealth4ChildTB","article_modified_time":"2025-11-07T10:49:33+00:00","twitter_card":"summary_large_image","twitter_misc":{"Est. tempo de leitura":"7 minutos"},"schema":{"@context":"https:\/\/schema.org","@graph":[{"@type":"WebPage","@id":"https:\/\/www.ehealth4childtb.com\/pt-br\/avisos-legais\/","url":"https:\/\/www.ehealth4childtb.com\/pt-br\/avisos-legais\/","name":"Avisos legais | eHealth4ChildTB","isPartOf":{"@id":"https:\/\/www.ehealth4childtb.com\/pt-br\/#website"},"datePublished":"2025-09-25T12:23:51+00:00","dateModified":"2025-11-07T10:49:33+00:00","breadcrumb":{"@id":"https:\/\/www.ehealth4childtb.com\/pt-br\/avisos-legais\/#breadcrumb"},"inLanguage":"pt-BR","potentialAction":[{"@type":"ReadAction","target":["https:\/\/www.ehealth4childtb.com\/pt-br\/avisos-legais\/"]}]},{"@type":"BreadcrumbList","@id":"https:\/\/www.ehealth4childtb.com\/pt-br\/avisos-legais\/#breadcrumb","itemListElement":[{"@type":"ListItem","position":1,"name":"Home","item":"https:\/\/www.ehealth4childtb.com\/pt-br\/pagina-inicial\/"},{"@type":"ListItem","position":2,"name":"Avisos legais"}]},{"@type":"WebSite","@id":"https:\/\/www.ehealth4childtb.com\/pt-br\/#website","url":"https:\/\/www.ehealth4childtb.com\/pt-br\/","name":"eHealth4ChildTB","description":"Improving the diagnosis of tuberculosis in children","potentialAction":[{"@type":"SearchAction","target":{"@type":"EntryPoint","urlTemplate":"https:\/\/www.ehealth4childtb.com\/pt-br\/?s={search_term_string}"},"query-input":{"@type":"PropertyValueSpecification","valueRequired":true,"valueName":"search_term_string"}}],"inLanguage":"pt-BR"}]}},"_links":{"self":[{"href":"https:\/\/www.ehealth4childtb.com\/pt-br\/wp-json\/wp\/v2\/pages\/2228","targetHints":{"allow":["GET"]}}],"collection":[{"href":"https:\/\/www.ehealth4childtb.com\/pt-br\/wp-json\/wp\/v2\/pages"}],"about":[{"href":"https:\/\/www.ehealth4childtb.com\/pt-br\/wp-json\/wp\/v2\/types\/page"}],"author":[{"embeddable":true,"href":"https:\/\/www.ehealth4childtb.com\/pt-br\/wp-json\/wp\/v2\/users\/1"}],"replies":[{"embeddable":true,"href":"https:\/\/www.ehealth4childtb.com\/pt-br\/wp-json\/wp\/v2\/comments?post=2228"}],"version-history":[{"count":1,"href":"https:\/\/www.ehealth4childtb.com\/pt-br\/wp-json\/wp\/v2\/pages\/2228\/revisions"}],"predecessor-version":[{"id":2229,"href":"https:\/\/www.ehealth4childtb.com\/pt-br\/wp-json\/wp\/v2\/pages\/2228\/revisions\/2229"}],"wp:attachment":[{"href":"https:\/\/www.ehealth4childtb.com\/pt-br\/wp-json\/wp\/v2\/media?parent=2228"}],"curies":[{"name":"wp","href":"https:\/\/api.w.org\/{rel}","templated":true}]}}