{"id":2245,"date":"2023-11-15T09:13:34","date_gmt":"2023-11-15T08:13:34","guid":{"rendered":"https:\/\/www.ehealth4childtb.com\/defis-lies-au-diagnostic-tb-et-tda\/"},"modified":"2025-11-07T12:26:14","modified_gmt":"2025-11-07T11:26:14","slug":"defis-lies-au-diagnostic-tb-et-tda","status":"publish","type":"page","link":"https:\/\/www.ehealth4childtb.com\/fr\/defis-lies-au-diagnostic-tb-et-tda\/","title":{"rendered":"D\u00e9fis li\u00e9s au diagnostic TB et TDA"},"content":{"rendered":"","protected":false},"excerpt":{"rendered":"<p>D\u00e9couvrez pourquoi le diagnostic de la tuberculose chez les enfants est complexe et comment les TDA am\u00e9liorent les d\u00e9cisions de traitement.<\/p>\n","protected":false},"author":1,"featured_media":1840,"parent":0,"menu_order":2,"comment_status":"closed","ping_status":"closed","template":"","meta":{"_acf_changed":false,"footnotes":""},"class_list":["post-2245","page","type-page","status-publish","has-post-thumbnail","hentry"],"acf":[],"yoast_head":"<!-- This site is optimized with the Yoast SEO plugin v27.5 - https:\/\/yoast.com\/product\/yoast-seo-wordpress\/ -->\n<title>D\u00e9fis li\u00e9s au diagnostic TB et TDA | eHealth4ChildTB<\/title>\n<meta name=\"robots\" content=\"index, follow, max-snippet:-1, max-image-preview:large, max-video-preview:-1\" \/>\n<link rel=\"canonical\" href=\"https:\/\/www.ehealth4childtb.com\/fr\/defis-lies-au-diagnostic-tb-et-tda\/\" \/>\n<meta property=\"og:locale\" content=\"fr_FR\" \/>\n<meta property=\"og:type\" content=\"article\" \/>\n<meta property=\"og:title\" content=\"D\u00e9fis li\u00e9s au diagnostic TB et TDA | eHealth4ChildTB\" \/>\n<meta property=\"og:description\" content=\"D\u00e9couvrez pourquoi le diagnostic de la tuberculose chez les enfants est complexe et comment les TDA am\u00e9liorent les d\u00e9cisions de traitement.\" \/>\n<meta property=\"og:url\" content=\"https:\/\/www.ehealth4childtb.com\/fr\/defis-lies-au-diagnostic-tb-et-tda\/\" \/>\n<meta property=\"og:site_name\" content=\"eHealth4ChildTB\" \/>\n<meta property=\"article:modified_time\" content=\"2025-11-07T11:26:14+00:00\" \/>\n<meta property=\"og:image\" content=\"https:\/\/www.ehealth4childtb.com\/wp-content\/uploads\/2025\/09\/photo-tb-diagnosis-challenges-tdas.png\" \/>\n\t<meta property=\"og:image:width\" content=\"1355\" \/>\n\t<meta property=\"og:image:height\" content=\"840\" \/>\n\t<meta property=\"og:image:type\" content=\"image\/png\" \/>\n<meta name=\"twitter:card\" content=\"summary_large_image\" \/>\n<script type=\"application\/ld+json\" class=\"yoast-schema-graph\">{\"@context\":\"https:\\\/\\\/schema.org\",\"@graph\":[{\"@type\":\"WebPage\",\"@id\":\"https:\\\/\\\/www.ehealth4childtb.com\\\/fr\\\/defis-lies-au-diagnostic-tb-et-tda\\\/\",\"url\":\"https:\\\/\\\/www.ehealth4childtb.com\\\/fr\\\/defis-lies-au-diagnostic-tb-et-tda\\\/\",\"name\":\"D\u00e9fis li\u00e9s au diagnostic TB et TDA | eHealth4ChildTB\",\"isPartOf\":{\"@id\":\"https:\\\/\\\/www.ehealth4childtb.com\\\/fr\\\/#website\"},\"primaryImageOfPage\":{\"@id\":\"https:\\\/\\\/www.ehealth4childtb.com\\\/fr\\\/defis-lies-au-diagnostic-tb-et-tda\\\/#primaryimage\"},\"image\":{\"@id\":\"https:\\\/\\\/www.ehealth4childtb.com\\\/fr\\\/defis-lies-au-diagnostic-tb-et-tda\\\/#primaryimage\"},\"thumbnailUrl\":\"https:\\\/\\\/www.ehealth4childtb.com\\\/wp-content\\\/uploads\\\/2025\\\/09\\\/photo-tb-diagnosis-challenges-tdas.png\",\"datePublished\":\"2023-11-15T08:13:34+00:00\",\"dateModified\":\"2025-11-07T11:26:14+00:00\",\"breadcrumb\":{\"@id\":\"https:\\\/\\\/www.ehealth4childtb.com\\\/fr\\\/defis-lies-au-diagnostic-tb-et-tda\\\/#breadcrumb\"},\"inLanguage\":\"fr-FR\",\"potentialAction\":[{\"@type\":\"ReadAction\",\"target\":[\"https:\\\/\\\/www.ehealth4childtb.com\\\/fr\\\/defis-lies-au-diagnostic-tb-et-tda\\\/\"]}]},{\"@type\":\"ImageObject\",\"inLanguage\":\"fr-FR\",\"@id\":\"https:\\\/\\\/www.ehealth4childtb.com\\\/fr\\\/defis-lies-au-diagnostic-tb-et-tda\\\/#primaryimage\",\"url\":\"https:\\\/\\\/www.ehealth4childtb.com\\\/wp-content\\\/uploads\\\/2025\\\/09\\\/photo-tb-diagnosis-challenges-tdas.png\",\"contentUrl\":\"https:\\\/\\\/www.ehealth4childtb.com\\\/wp-content\\\/uploads\\\/2025\\\/09\\\/photo-tb-diagnosis-challenges-tdas.png\",\"width\":1355,\"height\":840,\"caption\":\"photo tb diagnostic d\u00e9fis tdas\"},{\"@type\":\"BreadcrumbList\",\"@id\":\"https:\\\/\\\/www.ehealth4childtb.com\\\/fr\\\/defis-lies-au-diagnostic-tb-et-tda\\\/#breadcrumb\",\"itemListElement\":[{\"@type\":\"ListItem\",\"position\":1,\"name\":\"Home\",\"item\":\"https:\\\/\\\/www.ehealth4childtb.com\\\/fr\\\/accueil\\\/\"},{\"@type\":\"ListItem\",\"position\":2,\"name\":\"D\u00e9fis li\u00e9s au diagnostic TB et TDA\"}]},{\"@type\":\"WebSite\",\"@id\":\"https:\\\/\\\/www.ehealth4childtb.com\\\/fr\\\/#website\",\"url\":\"https:\\\/\\\/www.ehealth4childtb.com\\\/fr\\\/\",\"name\":\"eHealth4ChildTB\",\"description\":\"Improving the diagnosis of tuberculosis in children\",\"potentialAction\":[{\"@type\":\"SearchAction\",\"target\":{\"@type\":\"EntryPoint\",\"urlTemplate\":\"https:\\\/\\\/www.ehealth4childtb.com\\\/fr\\\/?s={search_term_string}\"},\"query-input\":{\"@type\":\"PropertyValueSpecification\",\"valueRequired\":true,\"valueName\":\"search_term_string\"}}],\"inLanguage\":\"fr-FR\"}]}<\/script>\n<!-- \/ Yoast SEO plugin. -->","yoast_head_json":{"title":"D\u00e9fis li\u00e9s au diagnostic TB et TDA | eHealth4ChildTB","robots":{"index":"index","follow":"follow","max-snippet":"max-snippet:-1","max-image-preview":"max-image-preview:large","max-video-preview":"max-video-preview:-1"},"canonical":"https:\/\/www.ehealth4childtb.com\/fr\/defis-lies-au-diagnostic-tb-et-tda\/","og_locale":"fr_FR","og_type":"article","og_title":"D\u00e9fis li\u00e9s au diagnostic TB et TDA | eHealth4ChildTB","og_description":"D\u00e9couvrez pourquoi le diagnostic de la tuberculose chez les enfants est complexe et comment les TDA am\u00e9liorent les d\u00e9cisions de traitement.","og_url":"https:\/\/www.ehealth4childtb.com\/fr\/defis-lies-au-diagnostic-tb-et-tda\/","og_site_name":"eHealth4ChildTB","article_modified_time":"2025-11-07T11:26:14+00:00","og_image":[{"width":1355,"height":840,"url":"https:\/\/www.ehealth4childtb.com\/wp-content\/uploads\/2025\/09\/photo-tb-diagnosis-challenges-tdas.png","type":"image\/png"}],"twitter_card":"summary_large_image","schema":{"@context":"https:\/\/schema.org","@graph":[{"@type":"WebPage","@id":"https:\/\/www.ehealth4childtb.com\/fr\/defis-lies-au-diagnostic-tb-et-tda\/","url":"https:\/\/www.ehealth4childtb.com\/fr\/defis-lies-au-diagnostic-tb-et-tda\/","name":"D\u00e9fis li\u00e9s au diagnostic TB et TDA | eHealth4ChildTB","isPartOf":{"@id":"https:\/\/www.ehealth4childtb.com\/fr\/#website"},"primaryImageOfPage":{"@id":"https:\/\/www.ehealth4childtb.com\/fr\/defis-lies-au-diagnostic-tb-et-tda\/#primaryimage"},"image":{"@id":"https:\/\/www.ehealth4childtb.com\/fr\/defis-lies-au-diagnostic-tb-et-tda\/#primaryimage"},"thumbnailUrl":"https:\/\/www.ehealth4childtb.com\/wp-content\/uploads\/2025\/09\/photo-tb-diagnosis-challenges-tdas.png","datePublished":"2023-11-15T08:13:34+00:00","dateModified":"2025-11-07T11:26:14+00:00","breadcrumb":{"@id":"https:\/\/www.ehealth4childtb.com\/fr\/defis-lies-au-diagnostic-tb-et-tda\/#breadcrumb"},"inLanguage":"fr-FR","potentialAction":[{"@type":"ReadAction","target":["https:\/\/www.ehealth4childtb.com\/fr\/defis-lies-au-diagnostic-tb-et-tda\/"]}]},{"@type":"ImageObject","inLanguage":"fr-FR","@id":"https:\/\/www.ehealth4childtb.com\/fr\/defis-lies-au-diagnostic-tb-et-tda\/#primaryimage","url":"https:\/\/www.ehealth4childtb.com\/wp-content\/uploads\/2025\/09\/photo-tb-diagnosis-challenges-tdas.png","contentUrl":"https:\/\/www.ehealth4childtb.com\/wp-content\/uploads\/2025\/09\/photo-tb-diagnosis-challenges-tdas.png","width":1355,"height":840,"caption":"photo tb diagnostic d\u00e9fis tdas"},{"@type":"BreadcrumbList","@id":"https:\/\/www.ehealth4childtb.com\/fr\/defis-lies-au-diagnostic-tb-et-tda\/#breadcrumb","itemListElement":[{"@type":"ListItem","position":1,"name":"Home","item":"https:\/\/www.ehealth4childtb.com\/fr\/accueil\/"},{"@type":"ListItem","position":2,"name":"D\u00e9fis li\u00e9s au diagnostic TB et TDA"}]},{"@type":"WebSite","@id":"https:\/\/www.ehealth4childtb.com\/fr\/#website","url":"https:\/\/www.ehealth4childtb.com\/fr\/","name":"eHealth4ChildTB","description":"Improving the diagnosis of tuberculosis in children","potentialAction":[{"@type":"SearchAction","target":{"@type":"EntryPoint","urlTemplate":"https:\/\/www.ehealth4childtb.com\/fr\/?s={search_term_string}"},"query-input":{"@type":"PropertyValueSpecification","valueRequired":true,"valueName":"search_term_string"}}],"inLanguage":"fr-FR"}]}},"_links":{"self":[{"href":"https:\/\/www.ehealth4childtb.com\/fr\/wp-json\/wp\/v2\/pages\/2245","targetHints":{"allow":["GET"]}}],"collection":[{"href":"https:\/\/www.ehealth4childtb.com\/fr\/wp-json\/wp\/v2\/pages"}],"about":[{"href":"https:\/\/www.ehealth4childtb.com\/fr\/wp-json\/wp\/v2\/types\/page"}],"author":[{"embeddable":true,"href":"https:\/\/www.ehealth4childtb.com\/fr\/wp-json\/wp\/v2\/users\/1"}],"replies":[{"embeddable":true,"href":"https:\/\/www.ehealth4childtb.com\/fr\/wp-json\/wp\/v2\/comments?post=2245"}],"version-history":[{"count":1,"href":"https:\/\/www.ehealth4childtb.com\/fr\/wp-json\/wp\/v2\/pages\/2245\/revisions"}],"predecessor-version":[{"id":2246,"href":"https:\/\/www.ehealth4childtb.com\/fr\/wp-json\/wp\/v2\/pages\/2245\/revisions\/2246"}],"wp:featuredmedia":[{"embeddable":true,"href":"https:\/\/www.ehealth4childtb.com\/fr\/wp-json\/wp\/v2\/media\/1840"}],"wp:attachment":[{"href":"https:\/\/www.ehealth4childtb.com\/fr\/wp-json\/wp\/v2\/media?parent=2245"}],"curies":[{"name":"wp","href":"https:\/\/api.w.org\/{rel}","templated":true}]}}