{"id":2156,"date":"2025-09-25T14:23:51","date_gmt":"2025-09-25T12:23:51","guid":{"rendered":"https:\/\/www.ehealth4childtb.com\/mentions-legales\/"},"modified":"2025-11-07T10:17:17","modified_gmt":"2025-11-07T09:17:17","slug":"mentions-legales","status":"publish","type":"page","link":"https:\/\/www.ehealth4childtb.com\/fr\/mentions-legales\/","title":{"rendered":"Mentions l\u00e9gales"},"content":{"rendered":"\n<h2 class=\"wp-block-heading\">1. Pr\u00e9sentation du site web.<\/h2>\n\n<p>Conform\u00e9ment \u00e0 l&rsquo;article 6 de la loi n\u00b0 2004-575 du 21 juin 2004 pour la confiance dans l&rsquo;\u00e9conomie num\u00e9rique, nous communiquons aux utilisateurs du site <a href=\"https:\/\/www.ehealth4childtb.com\/fr\/\">ehealth4childtb.com<\/a> l&rsquo;identit\u00e9 des personnes impliqu\u00e9es dans la cr\u00e9ation et la maintenance du site :<\/p>\n\n<p><strong>Propri\u00e9taire<\/strong> : Universit\u00e9 de Bordeaux &#8211; 146, rue L\u00e9o Saignat 33076 Bordeaux Cedex<\/p>\n\n<p><strong>Cr\u00e9ation :<\/strong> Fourmizz &#8211; <a href=\"https:\/\/www.fourmizz.fr\/\" target=\"_blank\" rel=\"noopener\">fourmizz.fr<\/a><\/p>\n\n<p><strong>Responsable de publication :<\/strong> Nicolas koskas<\/p>\n\n<p>Le responsable de la publication est une personne physique ou morale.<\/p>\n\n<p><strong>H\u00e9bergement<\/strong> : OVH \u2013 2 rue Kellermann \u2013 59100 ROUBAIX \u2013 France<\/p>\n\n<h2 class=\"wp-block-heading\">2. Conditions g\u00e9n\u00e9rales d&rsquo;utilisation du site web et des services propos\u00e9s.<\/h2>\n\n<p>L&rsquo;utilisation du site <a href=\"https:\/\/www.ehealth4childtb.com\/fr\/\">ehealth4childtb.com<\/a> implique l&rsquo;acceptation pleine et enti\u00e8re des conditions g\u00e9n\u00e9rales d&rsquo;utilisation d\u00e9crites ci-dessous. Ces conditions d&rsquo;utilisation peuvent \u00eatre modifi\u00e9es ou compl\u00e9t\u00e9es \u00e0 tout moment. Les utilisateurs du site <a href=\"https:\/\/www.ehealth4childtb.com\/fr\/\">ehealth4childtb.com<\/a> sont donc invit\u00e9s \u00e0 les consulter r\u00e9guli\u00e8rement.  <\/p>\n\n<p>Les utilisateurs doivent pouvoir acc\u00e9der \u00e0 ce site \u00e0 tout moment. Toutefois, l&rsquo;Universit\u00e9 de Bordeaux peut d\u00e9cider d&rsquo;interrompre l&rsquo;acc\u00e8s au site pour des raisons de maintenance technique. Les utilisateurs seront inform\u00e9s \u00e0 l&rsquo;avance des dates et heures des travaux de maintenance.  <\/p>\n\n<p>De m\u00eame, les conditions d&rsquo;utilisation peuvent \u00eatre modifi\u00e9es \u00e0 tout moment, mais il incombe \u00e0 l&rsquo;utilisateur de les consulter aussi souvent que possible afin de se tenir inform\u00e9.<\/p>\n\n<h2 class=\"wp-block-heading\">3. Description des services fournis.<\/h2>\n\n<p>Le site web <a href=\"https:\/\/www.ehealth4childtb.com\/fr\/\">ehealth4childtb.com<\/a> a pour objectif de fournir des informations sur l&rsquo;ensemble des activit\u00e9s de l&rsquo;entreprise.<\/p>\n\n<p>eHealth4ChildTB s&rsquo;efforce de fournir des informations aussi pr\u00e9cises que possible sur le site web <a href=\"https:\/\/www.ehealth4childtb.com\/fr\/\">ehealth4childtb.com<\/a>. Toutefois, il ne saurait \u00eatre tenu responsable des omissions, inexactitudes ou lacunes dans les mises \u00e0 jour, qu&rsquo;elles soient de son fait ou de celui des tiers qui fournissent ces informations. <\/p>\n\n<p>Toutes les informations pr\u00e9sentes sur le site <a href=\"https:\/\/www.ehealth4childtb.com\/fr\/\">ehealth4childtb.com<\/a> sont donn\u00e9es \u00e0 titre indicatif et sont susceptibles d&rsquo;\u00e9voluer. De plus, les informations pr\u00e9sentes sur le site <a href=\"https:\/\/www.ehealth4childtb.com\/fr\/\">ehealth4childtb.com<\/a> ne sont pas exhaustives. Ces informations sont donn\u00e9es sous r\u00e9serve de modifications intervenues depuis leur publication.  <\/p>\n\n<h2 class=\"wp-block-heading\">4. Limitations contractuelles relatives aux donn\u00e9es techniques.<\/h2>\n\n<p>Ce site Web utilise la technologie JavaScript.<\/p>\n\n<p>Le site web ne peut \u00eatre tenu responsable des dommages mat\u00e9riels li\u00e9s \u00e0 l&rsquo;utilisation du site. De plus, l&rsquo;utilisateur du site web s&rsquo;engage \u00e0 acc\u00e9der au site \u00e0 l&rsquo;aide d&rsquo;un \u00e9quipement moderne et exempt de virus, \u00e0 partir d&rsquo;un navigateur de derni\u00e8re g\u00e9n\u00e9ration mis \u00e0 jour. <\/p>\n\n<h2 class=\"wp-block-heading\">5. Propri\u00e9t\u00e9 intellectuelle et fraude.<\/h2>\n\n<p>eHealth4ChildTB d\u00e9tient les droits de propri\u00e9t\u00e9 intellectuelle ou dispose des droits d&rsquo;utilisation de tous les \u00e9l\u00e9ments disponibles sur le site web, y compris les textes, images, graphiques, logos, ic\u00f4nes, sons et logiciels.<\/p>\n\n<p>Toute reproduction, repr\u00e9sentation, modification, publication, adaptation de tout ou partie des \u00e9l\u00e9ments du site, quel que soit le moyen ou le proc\u00e9d\u00e9 utilis\u00e9, est interdite sans l&rsquo;autorisation \u00e9crite pr\u00e9alable de : eHealth4ChildTB.<\/p>\n\n<p>Toute utilisation non autoris\u00e9e du site ou de l&rsquo;un des \u00e9l\u00e9ments qu&rsquo;il contient sera consid\u00e9r\u00e9e comme une contrefa\u00e7on et sera poursuivie conform\u00e9ment aux dispositions des articles L.335-2 et suivants du Code de la propri\u00e9t\u00e9 intellectuelle.<\/p>\n\n<h2 class=\"wp-block-heading\">6. Limitation de responsabilit\u00e9.<\/h2>\n\n<p>eHealth4ChildTB ne peut \u00eatre tenu responsable des dommages directs ou indirects caus\u00e9s \u00e0 l&rsquo;\u00e9quipement de l&rsquo;utilisateur lors de l&rsquo;acc\u00e8s au site ehealth4childtb.com, r\u00e9sultant soit de l&rsquo;utilisation d&rsquo;un \u00e9quipement ne r\u00e9pondant pas aux sp\u00e9cifications indiqu\u00e9es au point 4, soit de l&rsquo;apparition d&rsquo;un virus ou d&rsquo;une incompatibilit\u00e9.<\/p>\n\n<p>eHealth4ChildTB ne peut \u00eatre tenu responsable des dommages indirects (tels que, par exemple, une perte de march\u00e9 ou une perte d&rsquo;opportunit\u00e9) r\u00e9sultant de l&rsquo;utilisation du site web <a href=\"https:\/\/www.ehealth4childtb.com\/fr\/\">ehealth4childtb.com<\/a>.<\/p>\n\n<p>Des espaces interactifs (o\u00f9 les utilisateurs peuvent poser des questions dans la rubrique \u00ab Contact \u00bb) sont \u00e0 la disposition des utilisateurs du site. eHealth4ChildTB se r\u00e9serve le droit de supprimer, sans pr\u00e9avis, tout contenu publi\u00e9 dans cet espace qui contreviendrait \u00e0 la l\u00e9gislation applicable en France, notamment aux dispositions relatives \u00e0 la protection des donn\u00e9es. Le cas \u00e9ch\u00e9ant, eHealth4ChildTB se r\u00e9serve \u00e9galement le droit d&rsquo;engager la responsabilit\u00e9 civile et\/ou p\u00e9nale de l&rsquo;utilisateur, notamment en cas de messages racistes, injurieux, diffamatoires ou pornographiques, quel que soit le support utilis\u00e9 (texte, photographie, etc.).  <\/p>\n\n<h2 class=\"wp-block-heading\">7. Gestion des donn\u00e9es personnelles.<\/h2>\n\n<p>En France, les donn\u00e9es personnelles sont prot\u00e9g\u00e9es notamment par la loi n\u00b0 78-87 du 6 janvier 1978, la loi n\u00b0 2004-801 du 6 ao\u00fbt 2004, l&rsquo;article L. 226-13 du Code p\u00e9nal et la directive europ\u00e9enne du 24 octobre 1995.<\/p>\n\n<p>Les informations suivantes peuvent \u00eatre collect\u00e9es lors de l&rsquo;utilisation du site web <a href=\"https:\/\/www.ehealth4childtb.com\/fr\/\">ehealth4childtb.com<\/a> : les liens URL de l&rsquo;interm\u00e9diaire \u00e0 partir duquel l&rsquo;utilisateur a acc\u00e9d\u00e9 au site web <a href=\"https:\/\/www.ehealth4childtb.com\/fr\/\">ehealth4childtb.com<\/a>, le fournisseur d&rsquo;acc\u00e8s Internet de l&rsquo;utilisateur et l&rsquo;adresse IP de l&rsquo;utilisateur.<\/p>\n\n<p>En tout \u00e9tat de cause, eHealth4ChildTB ne collecte des donn\u00e9es personnelles concernant l&rsquo;utilisateur qu&rsquo;aux fins de certains services propos\u00e9s par le site <a href=\"https:\/\/www.ehealth4childtb.com\/fr\/\">ehealth4childtb.com<\/a>. L&rsquo;utilisateur fournit ces donn\u00e9es en toute connaissance de cause, notamment lorsqu&rsquo;il les saisit lui-m\u00eame. Il est alors clairement indiqu\u00e9 \u00e0 l&rsquo;utilisateur du site <a href=\"https:\/\/www.ehealth4childtb.com\/fr\/\">ehealth4childtb.com<\/a> l&rsquo;obligation ou non de fournir ces informations.  <\/p>\n\n<p>Conform\u00e9ment aux dispositions des articles 38 et suivants de la loi n\u00b0 78-17 du 6 janvier 1978 relative \u00e0 l&rsquo;informatique, aux fichiers et aux libert\u00e9s, tout utilisateur dispose d&rsquo;un droit d&rsquo;acc\u00e8s, de rectification et d&rsquo;opposition aux donn\u00e9es personnelles le concernant, en adressant une demande \u00e9crite et sign\u00e9e, accompagn\u00e9e d&rsquo;une copie sign\u00e9e de sa pi\u00e8ce d&rsquo;identit\u00e9, en pr\u00e9cisant l&rsquo;adresse \u00e0 laquelle la r\u00e9ponse doit \u00eatre envoy\u00e9e. <\/p>\n\n<p>Aucune donn\u00e9e personnelle de l&rsquo;utilisateur du site <a href=\"https:\/\/www.ehealth4childtb.com\/fr\/\">ehealth4childtb.com<\/a> n&rsquo;est publi\u00e9e \u00e0 l&rsquo;insu de l&rsquo;utilisateur, ni \u00e9chang\u00e9e, transf\u00e9r\u00e9e, c\u00e9d\u00e9e ou vendue sur un support quelconque \u00e0 des tiers. Seule la vente de la soci\u00e9t\u00e9 eHealth4ChildTB et de ses droits permettrait le transfert de ces donn\u00e9es \u00e0 l&rsquo;acqu\u00e9reur potentiel, qui serait alors tenu de respecter les m\u00eames obligations en mati\u00e8re de stockage et de modification des donn\u00e9es des utilisateurs du site <a href=\"https:\/\/www.ehealth4childtb.com\/fr\/\">ehealth4childtb.com<\/a>. <\/p>\n\n<p>Les bases de donn\u00e9es sont prot\u00e9g\u00e9es par les dispositions de la loi du 1er juillet 1998 transposant la directive 96\/9 du 11 mars 1996 relative \u00e0 la protection juridique des bases de donn\u00e9es.<\/p>\n\n<h2 class=\"wp-block-heading\">8. Liens hypertextes et cookies.<\/h2>\n\n<p>Le site <a href=\"https:\/\/www.ehealth4childtb.com\/fr\/\">ehealth4childtb.com<\/a> contient un certain nombre de liens hypertextes vers d&rsquo;autres sites, mis en place avec l&rsquo;autorisation de eHealth4ChildTB. Toutefois, eHealth4ChildTB n&rsquo;est pas en mesure de v\u00e9rifier le contenu des sites ainsi accessibles, et n&rsquo;assume aucune responsabilit\u00e9 pour ceux-ci. <\/p>\n\n<p>La navigation sur le site <a href=\"https:\/\/www.ehealth4childtb.com\/fr\/\">ehealth4childtb.com<\/a> peut entra\u00eener l&rsquo;installation de cookie(s) sur l&rsquo;ordinateur de l&rsquo;utilisateur. Un cookie est un petit fichier qui ne permet pas d&rsquo;identifier l&rsquo;utilisateur, mais qui recueille des donn\u00e9es lors de la navigation sur un site web \u00e0 partir de son ordinateur. Les donn\u00e9es ainsi obtenues visent \u00e0 faciliter la navigation ult\u00e9rieure sur le site, ainsi qu&rsquo;\u00e0 permettre diverses mesures de fr\u00e9quentation.  <\/p>\n\n<p>Le refus d&rsquo;installer un cookie peut rendre impossible l&rsquo;acc\u00e8s \u00e0 certains services. Toutefois, l&rsquo;utilisateur peut configurer son ordinateur de la mani\u00e8re suivante pour refuser l&rsquo;installation de cookies : <\/p>\n\n<p>Dans Firefox : cliquez sur le bouton Menu et s\u00e9lectionnez Blocage de contenu. Cliquez sur Confidentialit\u00e9 et s\u00e9curit\u00e9. <br\/> S\u00e9lectionnez Personnalis\u00e9 et cochez Cookies. Utilisez le menu d\u00e9roulant pour choisir le type de cookies \u00e0 bloquer. <\/p>\n\n<p>Dans Safari : s\u00e9lectionnez Pr\u00e9f\u00e9rences dans le menu Safari. Acc\u00e9dez au menu Confidentialit\u00e9. Choisissez comment vous souhaitez que Safari traite les cookies : Toujours bloquer ; Autoriser uniquement \u00e0 partir du site actuel ; Toujours autoriser.  <\/p>\n\n<p>Dans Chrome : cliquez sur l&rsquo;ic\u00f4ne du menu dans le coin sup\u00e9rieur droit du navigateur (les trois lignes). S\u00e9lectionnez Param\u00e8tres. Cliquez sur Avanc\u00e9. Sous \u00ab Confidentialit\u00e9 et s\u00e9curit\u00e9 \u00bb, cliquez sur Param\u00e8tres de contenu. Cliquez sur Cookies. \u00c0 partir de l\u00e0, vous pouvez : Activer les cookies : \u00e0 c\u00f4t\u00e9 de \u00ab Bloqu\u00e9s \u00bb, activez le bouton.    <br\/> D\u00e9sactiver les cookies : d\u00e9sactivez l&rsquo;option \u00ab Autoriser les sites \u00e0 enregistrer et lire les donn\u00e9es des cookies \u00bb.<\/p>\n\n<h2 class=\"wp-block-heading\">9. Loi applicable et attribution de comp\u00e9tence.<\/h2>\n\n<p>Tout litige li\u00e9 \u00e0 l&rsquo;utilisation du site <a href=\"https:\/\/www.ehealth4childtb.com\/fr\/\">ehealth4childtb.com<\/a> est soumis au droit fran\u00e7ais. Les tribunaux comp\u00e9tents de Bordeaux sont seuls comp\u00e9tents. <\/p>\n\n<h2 class=\"wp-block-heading\">10. Les principales lois concern\u00e9es.<\/h2>\n\n<p>Loi n\u00b0 78-17 du 6 janvier 1978, telle que modifi\u00e9e par la loi n\u00b0 2004-801 du 6 ao\u00fbt 2004 relative \u00e0 l&rsquo;informatique, aux fichiers et aux libert\u00e9s.<\/p>\n\n<p>Loi n\u00b0 2004-575 du 21 juin 2004 pour la confiance dans l&rsquo;\u00e9conomie num\u00e9rique.<\/p>\n\n<h2 class=\"wp-block-heading\">11. Lexicon.<\/h2>\n\n<p>Utilisateur : un internaute connect\u00e9 au site susmentionn\u00e9 et qui l&rsquo;utilise.<\/p>\n\n<p>Donn\u00e9es personnelles : \u00ab donn\u00e9es qui permettent, sous quelque forme que ce soit, directement ou indirectement, l&rsquo;identification des personnes physiques auxquelles elles se rapportent \u00bb (article 4 de la loi n\u00b0 78-17 du 6 janvier 1978).<\/p>\n","protected":false},"excerpt":{"rendered":"<p>1. Pr\u00e9sentation du site web. Conform\u00e9ment \u00e0 l&rsquo;article 6 de la loi n\u00b0 2004-575 du 21 juin 2004 pour la confiance dans l&rsquo;\u00e9conomie num\u00e9rique, nous communiquons aux utilisateurs du site [&hellip;]<\/p>\n","protected":false},"author":1,"featured_media":0,"parent":0,"menu_order":0,"comment_status":"closed","ping_status":"closed","template":"page-mentions.php","meta":{"_acf_changed":false,"footnotes":""},"class_list":["post-2156","page","type-page","status-publish","hentry"],"acf":[],"yoast_head":"<!-- This site is optimized with the Yoast SEO plugin v27.5 - https:\/\/yoast.com\/product\/yoast-seo-wordpress\/ -->\n<title>Mentions l\u00e9gales | eHealth4ChildTB<\/title>\n<meta name=\"robots\" content=\"index, follow, max-snippet:-1, max-image-preview:large, max-video-preview:-1\" \/>\n<link rel=\"canonical\" href=\"https:\/\/www.ehealth4childtb.com\/fr\/mentions-legales\/\" \/>\n<meta property=\"og:locale\" content=\"fr_FR\" \/>\n<meta property=\"og:type\" content=\"article\" \/>\n<meta property=\"og:title\" content=\"Mentions l\u00e9gales | eHealth4ChildTB\" \/>\n<meta property=\"og:description\" content=\"1. Pr\u00e9sentation du site web. Conform\u00e9ment \u00e0 l&rsquo;article 6 de la loi n\u00b0 2004-575 du 21 juin 2004 pour la confiance dans l&rsquo;\u00e9conomie num\u00e9rique, nous communiquons aux utilisateurs du site [&hellip;]\" \/>\n<meta property=\"og:url\" content=\"https:\/\/www.ehealth4childtb.com\/fr\/mentions-legales\/\" \/>\n<meta property=\"og:site_name\" content=\"eHealth4ChildTB\" \/>\n<meta property=\"article:modified_time\" content=\"2025-11-07T09:17:17+00:00\" \/>\n<meta name=\"twitter:card\" content=\"summary_large_image\" \/>\n<meta name=\"twitter:label1\" content=\"Dur\u00e9e de lecture estim\u00e9e\" \/>\n\t<meta name=\"twitter:data1\" content=\"7 minutes\" \/>\n<script type=\"application\/ld+json\" class=\"yoast-schema-graph\">{\"@context\":\"https:\\\/\\\/schema.org\",\"@graph\":[{\"@type\":\"WebPage\",\"@id\":\"https:\\\/\\\/www.ehealth4childtb.com\\\/fr\\\/mentions-legales\\\/\",\"url\":\"https:\\\/\\\/www.ehealth4childtb.com\\\/fr\\\/mentions-legales\\\/\",\"name\":\"Mentions l\u00e9gales | eHealth4ChildTB\",\"isPartOf\":{\"@id\":\"https:\\\/\\\/www.ehealth4childtb.com\\\/fr\\\/#website\"},\"datePublished\":\"2025-09-25T12:23:51+00:00\",\"dateModified\":\"2025-11-07T09:17:17+00:00\",\"breadcrumb\":{\"@id\":\"https:\\\/\\\/www.ehealth4childtb.com\\\/fr\\\/mentions-legales\\\/#breadcrumb\"},\"inLanguage\":\"fr-FR\",\"potentialAction\":[{\"@type\":\"ReadAction\",\"target\":[\"https:\\\/\\\/www.ehealth4childtb.com\\\/fr\\\/mentions-legales\\\/\"]}]},{\"@type\":\"BreadcrumbList\",\"@id\":\"https:\\\/\\\/www.ehealth4childtb.com\\\/fr\\\/mentions-legales\\\/#breadcrumb\",\"itemListElement\":[{\"@type\":\"ListItem\",\"position\":1,\"name\":\"Home\",\"item\":\"https:\\\/\\\/www.ehealth4childtb.com\\\/fr\\\/accueil\\\/\"},{\"@type\":\"ListItem\",\"position\":2,\"name\":\"Mentions l\u00e9gales\"}]},{\"@type\":\"WebSite\",\"@id\":\"https:\\\/\\\/www.ehealth4childtb.com\\\/fr\\\/#website\",\"url\":\"https:\\\/\\\/www.ehealth4childtb.com\\\/fr\\\/\",\"name\":\"eHealth4ChildTB\",\"description\":\"Improving the diagnosis of tuberculosis in children\",\"potentialAction\":[{\"@type\":\"SearchAction\",\"target\":{\"@type\":\"EntryPoint\",\"urlTemplate\":\"https:\\\/\\\/www.ehealth4childtb.com\\\/fr\\\/?s={search_term_string}\"},\"query-input\":{\"@type\":\"PropertyValueSpecification\",\"valueRequired\":true,\"valueName\":\"search_term_string\"}}],\"inLanguage\":\"fr-FR\"}]}<\/script>\n<!-- \/ Yoast SEO plugin. -->","yoast_head_json":{"title":"Mentions l\u00e9gales | eHealth4ChildTB","robots":{"index":"index","follow":"follow","max-snippet":"max-snippet:-1","max-image-preview":"max-image-preview:large","max-video-preview":"max-video-preview:-1"},"canonical":"https:\/\/www.ehealth4childtb.com\/fr\/mentions-legales\/","og_locale":"fr_FR","og_type":"article","og_title":"Mentions l\u00e9gales | eHealth4ChildTB","og_description":"1. Pr\u00e9sentation du site web. Conform\u00e9ment \u00e0 l&rsquo;article 6 de la loi n\u00b0 2004-575 du 21 juin 2004 pour la confiance dans l&rsquo;\u00e9conomie num\u00e9rique, nous communiquons aux utilisateurs du site [&hellip;]","og_url":"https:\/\/www.ehealth4childtb.com\/fr\/mentions-legales\/","og_site_name":"eHealth4ChildTB","article_modified_time":"2025-11-07T09:17:17+00:00","twitter_card":"summary_large_image","twitter_misc":{"Dur\u00e9e de lecture estim\u00e9e":"7 minutes"},"schema":{"@context":"https:\/\/schema.org","@graph":[{"@type":"WebPage","@id":"https:\/\/www.ehealth4childtb.com\/fr\/mentions-legales\/","url":"https:\/\/www.ehealth4childtb.com\/fr\/mentions-legales\/","name":"Mentions l\u00e9gales | eHealth4ChildTB","isPartOf":{"@id":"https:\/\/www.ehealth4childtb.com\/fr\/#website"},"datePublished":"2025-09-25T12:23:51+00:00","dateModified":"2025-11-07T09:17:17+00:00","breadcrumb":{"@id":"https:\/\/www.ehealth4childtb.com\/fr\/mentions-legales\/#breadcrumb"},"inLanguage":"fr-FR","potentialAction":[{"@type":"ReadAction","target":["https:\/\/www.ehealth4childtb.com\/fr\/mentions-legales\/"]}]},{"@type":"BreadcrumbList","@id":"https:\/\/www.ehealth4childtb.com\/fr\/mentions-legales\/#breadcrumb","itemListElement":[{"@type":"ListItem","position":1,"name":"Home","item":"https:\/\/www.ehealth4childtb.com\/fr\/accueil\/"},{"@type":"ListItem","position":2,"name":"Mentions l\u00e9gales"}]},{"@type":"WebSite","@id":"https:\/\/www.ehealth4childtb.com\/fr\/#website","url":"https:\/\/www.ehealth4childtb.com\/fr\/","name":"eHealth4ChildTB","description":"Improving the diagnosis of tuberculosis in children","potentialAction":[{"@type":"SearchAction","target":{"@type":"EntryPoint","urlTemplate":"https:\/\/www.ehealth4childtb.com\/fr\/?s={search_term_string}"},"query-input":{"@type":"PropertyValueSpecification","valueRequired":true,"valueName":"search_term_string"}}],"inLanguage":"fr-FR"}]}},"_links":{"self":[{"href":"https:\/\/www.ehealth4childtb.com\/fr\/wp-json\/wp\/v2\/pages\/2156","targetHints":{"allow":["GET"]}}],"collection":[{"href":"https:\/\/www.ehealth4childtb.com\/fr\/wp-json\/wp\/v2\/pages"}],"about":[{"href":"https:\/\/www.ehealth4childtb.com\/fr\/wp-json\/wp\/v2\/types\/page"}],"author":[{"embeddable":true,"href":"https:\/\/www.ehealth4childtb.com\/fr\/wp-json\/wp\/v2\/users\/1"}],"replies":[{"embeddable":true,"href":"https:\/\/www.ehealth4childtb.com\/fr\/wp-json\/wp\/v2\/comments?post=2156"}],"version-history":[{"count":1,"href":"https:\/\/www.ehealth4childtb.com\/fr\/wp-json\/wp\/v2\/pages\/2156\/revisions"}],"predecessor-version":[{"id":2157,"href":"https:\/\/www.ehealth4childtb.com\/fr\/wp-json\/wp\/v2\/pages\/2156\/revisions\/2157"}],"wp:attachment":[{"href":"https:\/\/www.ehealth4childtb.com\/fr\/wp-json\/wp\/v2\/media?parent=2156"}],"curies":[{"name":"wp","href":"https:\/\/api.w.org\/{rel}","templated":true}]}}